{"id":3,"date":"2023-09-18T18:08:38","date_gmt":"2023-09-18T16:08:38","guid":{"rendered":"http:\/\/jeramone.fr\/?page_id=3"},"modified":"2024-01-22T16:41:08","modified_gmt":"2024-01-22T15:41:08","slug":"politique-de-confidentialite","status":"publish","type":"page","link":"https:\/\/jeramone.fr\/index.php\/politique-de-confidentialite\/","title":{"rendered":"Politique de confidentialit\u00e9"},"content":{"rendered":"\t\t<div data-elementor-type=\"wp-page\" data-elementor-id=\"3\" class=\"elementor elementor-3\" data-elementor-post-type=\"page\">\n\t\t\t\t<div class=\"elementor-element elementor-element-6c21a271 e-flex e-con-boxed e-con e-parent\" data-id=\"6c21a271\" data-element_type=\"container\" data-e-type=\"container\">\n\t\t\t\t\t<div class=\"e-con-inner\">\n\t\t\t\t<div class=\"elementor-element elementor-element-5cafac0e elementor-widget elementor-widget-heading\" data-id=\"5cafac0e\" data-element_type=\"widget\" data-e-type=\"widget\" data-widget_type=\"heading.default\">\n\t\t\t\t<div class=\"elementor-widget-container\">\n\t\t\t\t\t<h2 class=\"elementor-heading-title elementor-size-default\">Mentions l\u00e9gales et conditions d'utilisation<\/h2>\t\t\t\t<\/div>\n\t\t\t\t<\/div>\n\t\t\t\t<div class=\"elementor-element elementor-element-73b68a6f elementor-widget elementor-widget-text-editor\" data-id=\"73b68a6f\" data-element_type=\"widget\" data-e-type=\"widget\" data-widget_type=\"text-editor.default\">\n\t\t\t\t<div class=\"elementor-widget-container\">\n\t\t\t\t\t\t\t\t\t<p>Le site jeramone.fr, soucieux des droits des individus, notamment au regard des traitements automatis\u00e9s et dans une volont\u00e9 de transparence avec ses visiteurs, a mis en place une politique reprenant l\u2019ensemble de ces traitements, des finalit\u00e9s poursuivies par ces derniers ainsi que des moyens d\u2019actions \u00e0 la disposition des individus afin qu\u2019ils puissent au mieux exercer leurs droits.<\/p><p>Pour toute information compl\u00e9mentaire sur la protection des donn\u00e9es personnelles, nous vous invitons \u00e0 consulter le site :\u00a0<a href=\"https:\/\/www.cnil.fr\/\">https:\/\/www.cnil.fr\/<\/a><\/p><p>La poursuite de la navigation sur ce site vaut acceptation sans r\u00e9serve des dispositions et conditions d\u2019utilisation qui suivent.<\/p><p>La version actuellement en ligne de ces conditions d\u2019utilisation est la seule opposable pendant toute la dur\u00e9e d\u2019utilisation du site et jusqu\u2019\u00e0 ce qu\u2019une nouvelle version soit publi\u00e9e.<\/p><p><strong>Editeur<\/strong><\/p><p>Sylvain Dedeine<br \/>294a Route de Neuville<br \/>59250 \u2013 Halluin<br \/>contact.jeramone@gmail.com<\/p><p><strong>H\u00e9bergeur<\/strong><\/p><p>OVH<br \/>2 rue Kellerman \u2013 59100 Roubaix<\/p><p><strong>Photographies d\u2019illustration<\/strong><\/p><p>L\u2019ensemble des photographies sont la propri\u00e9t\u00e9 de Sylvain Dedeine et <a href=\"whttps:\/\/stock.adobe.com\/\">d&rsquo;Adobe Stock<\/a>.<\/p><p><strong>Utilisation des donn\u00e9es<\/strong><\/p><p>Les seules donn\u00e9es collect\u00e9es sur ce site sont celles fournies par les utilisateurs dans le formulaire de contact afin de pouvoir les recontacter (nom, pr\u00e9nom, t\u00e9l\u00e9phone et email).<br \/>Aucun cookie de suivi n\u2019est d\u00e9pos\u00e9 sur le site.<\/p>\t\t\t\t\t\t\t\t<\/div>\n\t\t\t\t<\/div>\n\t\t\t\t\t<\/div>\n\t\t\t\t<\/div>\n\t\t\t\t<\/div>\n\t\t","protected":false},"excerpt":{"rendered":"<p>Mentions l\u00e9gales et conditions d&rsquo;utilisation Le site jeramone.fr, soucieux des droits des individus, notamment au regard des traitements automatis\u00e9s et dans une volont\u00e9 de transparence avec ses visiteurs, a mis en place une politique reprenant l\u2019ensemble de ces traitements, des finalit\u00e9s poursuivies par ces derniers ainsi que des moyens d\u2019actions \u00e0 la disposition des individus [&hellip;]<\/p>\n","protected":false},"author":1,"featured_media":0,"parent":0,"menu_order":0,"comment_status":"closed","ping_status":"open","template":"","meta":{"footnotes":""},"class_list":["post-3","page","type-page","status-publish","hentry"],"_links":{"self":[{"href":"https:\/\/jeramone.fr\/index.php\/wp-json\/wp\/v2\/pages\/3","targetHints":{"allow":["GET"]}}],"collection":[{"href":"https:\/\/jeramone.fr\/index.php\/wp-json\/wp\/v2\/pages"}],"about":[{"href":"https:\/\/jeramone.fr\/index.php\/wp-json\/wp\/v2\/types\/page"}],"author":[{"embeddable":true,"href":"https:\/\/jeramone.fr\/index.php\/wp-json\/wp\/v2\/users\/1"}],"replies":[{"embeddable":true,"href":"https:\/\/jeramone.fr\/index.php\/wp-json\/wp\/v2\/comments?post=3"}],"version-history":[{"count":6,"href":"https:\/\/jeramone.fr\/index.php\/wp-json\/wp\/v2\/pages\/3\/revisions"}],"predecessor-version":[{"id":273,"href":"https:\/\/jeramone.fr\/index.php\/wp-json\/wp\/v2\/pages\/3\/revisions\/273"}],"wp:attachment":[{"href":"https:\/\/jeramone.fr\/index.php\/wp-json\/wp\/v2\/media?parent=3"}],"curies":[{"name":"wp","href":"https:\/\/api.w.org\/{rel}","templated":true}]}}